{"id":10166,"date":"2025-09-26T11:35:36","date_gmt":"2025-09-26T11:35:36","guid":{"rendered":"https:\/\/naficon.ngmprojektit.fi\/tuote\/ll-yjt-sc-fzomsu-sd-24sml-25m-2\/"},"modified":"2025-09-26T11:35:44","modified_gmt":"2025-09-26T11:35:44","slug":"ll-yjt-sc-fzomsu-sd-24sml-25m-2","status":"publish","type":"product","link":"https:\/\/naficon.ngmprojektit.fi\/en\/product\/ll-yjt-sc-fzomsu-sd-24sml-25m-2\/","title":{"rendered":"LL YJT SC\/-FZOMSU-SD 24SML 25m"},"content":{"rendered":"<p>LL YJT SC\/- FZOMSU-SD 24SML 25m. Yksimuoto sis\u00e4-\/ulkokaapeli h\u00e4nt\u00e4n\u00e4, jonka pituus on 25m. Kaapeli on valmiiksi p\u00e4\u00e4tetty LL YJT-koteloon SC-UPC liittimin, joita on 24kpl. Toinen p\u00e4\u00e4 on avoin hitsausta varten.<\/p>","protected":false},"excerpt":{"rendered":"<p>LL YJT SC\/- FZOMSU-SD 24SML 25m. Yksimuoto sis\u00e4-\/ulkokaapeli h\u00e4nt\u00e4n\u00e4, jonka pituus on 25m. Kaapeli on valmiiksi p\u00e4\u00e4tetty LL YJT-koteloon SC-UPC [&hellip;]<\/p>","protected":false},"featured_media":10167,"comment_status":"closed","ping_status":"open","template":"","meta":{"site-sidebar-layout":"default","site-content-layout":"","ast-site-content-layout":"default","site-content-style":"default","site-sidebar-style":"default","ast-global-header-display":"","ast-banner-title-visibility":"","ast-main-header-display":"","ast-hfb-above-header-display":"","ast-hfb-below-header-display":"","ast-hfb-mobile-header-display":"","site-post-title":"","ast-breadcrumbs-content":"","ast-featured-img":"","footer-sml-layout":"","theme-transparent-header-meta":"","adv-header-id-meta":"","stick-header-meta":"","header-above-stick-meta":"","header-main-stick-meta":"","header-below-stick-meta":"","astra-migrate-meta-layouts":"default","ast-page-background-enabled":"default","ast-page-background-meta":{"desktop":{"background-color":"var(--ast-global-color-5)","background-image":"","background-repeat":"repeat","background-position":"center center","background-size":"auto","background-attachment":"scroll","background-type":"","background-media":"","overlay-type":"","overlay-color":"","overlay-opacity":"","overlay-gradient":""},"tablet":{"background-color":"","background-image":"","background-repeat":"repeat","background-position":"center center","background-size":"auto","background-attachment":"scroll","background-type":"","background-media":"","overlay-type":"","overlay-color":"","overlay-opacity":"","overlay-gradient":""},"mobile":{"background-color":"","background-image":"","background-repeat":"repeat","background-position":"center center","background-size":"auto","background-attachment":"scroll","background-type":"","background-media":"","overlay-type":"","overlay-color":"","overlay-opacity":"","overlay-gradient":""}},"ast-content-background-meta":{"desktop":{"background-color":"var(--ast-global-color-4)","background-image":"","background-repeat":"repeat","background-position":"center center","background-size":"auto","background-attachment":"scroll","background-type":"","background-media":"","overlay-type":"","overlay-color":"","overlay-opacity":"","overlay-gradient":""},"tablet":{"background-color":"var(--ast-global-color-4)","background-image":"","background-repeat":"repeat","background-position":"center center","background-size":"auto","background-attachment":"scroll","background-type":"","background-media":"","overlay-type":"","overlay-color":"","overlay-opacity":"","overlay-gradient":""},"mobile":{"background-color":"var(--ast-global-color-4)","background-image":"","background-repeat":"repeat","background-position":"center center","background-size":"auto","background-attachment":"scroll","background-type":"","background-media":"","overlay-type":"","overlay-color":"","overlay-opacity":"","overlay-gradient":""}}},"product_brand":[],"product_cat":[495,494,496],"product_tag":[],"class_list":{"0":"post-10166","1":"product","2":"type-product","3":"status-publish","4":"has-post-thumbnail","6":"product_cat-24sm-liitinlevy-yjt-05","7":"product_cat-liitinlevy-yjt-05","8":"product_cat-upc-24sm-liitinlevy-yjt-05","9":"pa_adapterien-lukumaara-371","10":"pa_apc-versio-ei","11":"pa_asennustapa-lsa-rima","12":"pa_kuitujen-lukumaara-379","13":"pa_kuitutyyppi-yksimuoto","14":"pa_laiterivien-maara-274","15":"pa_ulkoisen-liittimentyyppi-sc","16":"pa_vari-hopea","17":"desktop-align-left","18":"tablet-align-left","19":"mobile-align-left","21":"first","22":"instock","23":"purchasable","24":"product-type-simple"},"_links":{"self":[{"href":"https:\/\/naficon.ngmprojektit.fi\/en\/wp-json\/wp\/v2\/product\/10166","targetHints":{"allow":["GET"]}}],"collection":[{"href":"https:\/\/naficon.ngmprojektit.fi\/en\/wp-json\/wp\/v2\/product"}],"about":[{"href":"https:\/\/naficon.ngmprojektit.fi\/en\/wp-json\/wp\/v2\/types\/product"}],"replies":[{"embeddable":true,"href":"https:\/\/naficon.ngmprojektit.fi\/en\/wp-json\/wp\/v2\/comments?post=10166"}],"wp:featuredmedia":[{"embeddable":true,"href":"https:\/\/naficon.ngmprojektit.fi\/en\/wp-json\/wp\/v2\/media\/10167"}],"wp:attachment":[{"href":"https:\/\/naficon.ngmprojektit.fi\/en\/wp-json\/wp\/v2\/media?parent=10166"}],"wp:term":[{"taxonomy":"product_brand","embeddable":true,"href":"https:\/\/naficon.ngmprojektit.fi\/en\/wp-json\/wp\/v2\/product_brand?post=10166"},{"taxonomy":"product_cat","embeddable":true,"href":"https:\/\/naficon.ngmprojektit.fi\/en\/wp-json\/wp\/v2\/product_cat?post=10166"},{"taxonomy":"product_tag","embeddable":true,"href":"https:\/\/naficon.ngmprojektit.fi\/en\/wp-json\/wp\/v2\/product_tag?post=10166"}],"curies":[{"name":"wp","href":"https:\/\/api.w.org\/{rel}","templated":true}]}}