{"id":10264,"date":"2025-09-26T11:36:24","date_gmt":"2025-09-26T11:36:24","guid":{"rendered":"https:\/\/naficon.ngmprojektit.fi\/tuote\/pan-19-sca-hbbx-24sml-15m-ilman-ts-2\/"},"modified":"2025-09-26T11:36:28","modified_gmt":"2025-09-26T11:36:28","slug":"pan-19-sca-hbbx-24sml-15m-ilman-ts-2","status":"publish","type":"product","link":"https:\/\/naficon.ngmprojektit.fi\/en\/product\/pan-19-sca-hbbx-24sml-15m-ilman-ts-2\/","title":{"rendered":"Pan. 19 SCA\/- HBBX 24SML 15m ilman ts."},"content":{"rendered":"<p>Pan. 19 SCA\/- HBBX 24SML 15m. Yksimuoto h\u00e4nt\u00e4kaapeli, jonka pituus on 15m. Mikrokaapeli on valmiiksi p\u00e4\u00e4tetty 19&#8243; paneeliin SC-APC liittimin, joita on 24kpl. Toinen p\u00e4\u00e4 on avoin hitsausta varten. Paneeli on ilman t\u00f6rm\u00e4yssuojaa.<\/p>","protected":false},"excerpt":{"rendered":"<p>Pan. 19 SCA\/- HBBX 24SML 15m. Yksimuoto h\u00e4nt\u00e4kaapeli, jonka pituus on 15m. Mikrokaapeli on valmiiksi p\u00e4\u00e4tetty 19&#8243; paneeliin SC-APC liittimin, [&hellip;]<\/p>","protected":false},"featured_media":10265,"comment_status":"closed","ping_status":"open","template":"","meta":{"site-sidebar-layout":"default","site-content-layout":"","ast-site-content-layout":"default","site-content-style":"default","site-sidebar-style":"default","ast-global-header-display":"","ast-banner-title-visibility":"","ast-main-header-display":"","ast-hfb-above-header-display":"","ast-hfb-below-header-display":"","ast-hfb-mobile-header-display":"","site-post-title":"","ast-breadcrumbs-content":"","ast-featured-img":"","footer-sml-layout":"","theme-transparent-header-meta":"","adv-header-id-meta":"","stick-header-meta":"","header-above-stick-meta":"","header-main-stick-meta":"","header-below-stick-meta":"","astra-migrate-meta-layouts":"default","ast-page-background-enabled":"default","ast-page-background-meta":{"desktop":{"background-color":"var(--ast-global-color-5)","background-image":"","background-repeat":"repeat","background-position":"center center","background-size":"auto","background-attachment":"scroll","background-type":"","background-media":"","overlay-type":"","overlay-color":"","overlay-opacity":"","overlay-gradient":""},"tablet":{"background-color":"","background-image":"","background-repeat":"repeat","background-position":"center center","background-size":"auto","background-attachment":"scroll","background-type":"","background-media":"","overlay-type":"","overlay-color":"","overlay-opacity":"","overlay-gradient":""},"mobile":{"background-color":"","background-image":"","background-repeat":"repeat","background-position":"center center","background-size":"auto","background-attachment":"scroll","background-type":"","background-media":"","overlay-type":"","overlay-color":"","overlay-opacity":"","overlay-gradient":""}},"ast-content-background-meta":{"desktop":{"background-color":"var(--ast-global-color-4)","background-image":"","background-repeat":"repeat","background-position":"center center","background-size":"auto","background-attachment":"scroll","background-type":"","background-media":"","overlay-type":"","overlay-color":"","overlay-opacity":"","overlay-gradient":""},"tablet":{"background-color":"var(--ast-global-color-4)","background-image":"","background-repeat":"repeat","background-position":"center center","background-size":"auto","background-attachment":"scroll","background-type":"","background-media":"","overlay-type":"","overlay-color":"","overlay-opacity":"","overlay-gradient":""},"mobile":{"background-color":"var(--ast-global-color-4)","background-image":"","background-repeat":"repeat","background-position":"center center","background-size":"auto","background-attachment":"scroll","background-type":"","background-media":"","overlay-type":"","overlay-color":"","overlay-opacity":"","overlay-gradient":""}}},"product_brand":[],"product_cat":[422,482,481,499],"product_tag":[],"class_list":{"0":"post-10264","1":"product","2":"type-product","3":"status-publish","4":"has-post-thumbnail","6":"product_cat-19-mekaniikka","7":"product_cat-24sm-esikytketyilla-hantakaapeleilla","8":"product_cat-esikytketyilla-hantakaapeleilla","9":"product_cat-sc-apc-24sm-esikytketyilla-hantakaapeleilla","10":"pa_adapterien-lukumaara-371","11":"pa_apc-versio-kylla","12":"pa_asennustapa-19-mekaniikka","13":"pa_kuitujen-lukumaara-379","14":"pa_kuitutyyppi-yksimuoto","15":"pa_laiterivien-maara-274","16":"pa_ulkoisen-liittimentyyppi-sc","17":"pa_vari-harmaa","18":"desktop-align-left","19":"tablet-align-left","20":"mobile-align-left","22":"first","23":"instock","24":"purchasable","25":"product-type-simple"},"_links":{"self":[{"href":"https:\/\/naficon.ngmprojektit.fi\/en\/wp-json\/wp\/v2\/product\/10264","targetHints":{"allow":["GET"]}}],"collection":[{"href":"https:\/\/naficon.ngmprojektit.fi\/en\/wp-json\/wp\/v2\/product"}],"about":[{"href":"https:\/\/naficon.ngmprojektit.fi\/en\/wp-json\/wp\/v2\/types\/product"}],"replies":[{"embeddable":true,"href":"https:\/\/naficon.ngmprojektit.fi\/en\/wp-json\/wp\/v2\/comments?post=10264"}],"wp:featuredmedia":[{"embeddable":true,"href":"https:\/\/naficon.ngmprojektit.fi\/en\/wp-json\/wp\/v2\/media\/10265"}],"wp:attachment":[{"href":"https:\/\/naficon.ngmprojektit.fi\/en\/wp-json\/wp\/v2\/media?parent=10264"}],"wp:term":[{"taxonomy":"product_brand","embeddable":true,"href":"https:\/\/naficon.ngmprojektit.fi\/en\/wp-json\/wp\/v2\/product_brand?post=10264"},{"taxonomy":"product_cat","embeddable":true,"href":"https:\/\/naficon.ngmprojektit.fi\/en\/wp-json\/wp\/v2\/product_cat?post=10264"},{"taxonomy":"product_tag","embeddable":true,"href":"https:\/\/naficon.ngmprojektit.fi\/en\/wp-json\/wp\/v2\/product_tag?post=10264"}],"curies":[{"name":"wp","href":"https:\/\/api.w.org\/{rel}","templated":true}]}}