{"id":11098,"date":"2025-09-26T11:40:51","date_gmt":"2025-09-26T11:40:51","guid":{"rendered":"https:\/\/naficon.ngmprojektit.fi\/tuote\/hb-rasia-4lcarj45-30m-2\/"},"modified":"2025-09-26T11:40:51","modified_gmt":"2025-09-26T11:40:51","slug":"hb-rasia-4lcarj45-30m-2","status":"publish","type":"product","link":"https:\/\/naficon.ngmprojektit.fi\/en\/product\/hb-rasia-4lcarj45-30m-2\/","title":{"rendered":"Hb-rasia 4LCA+RJ45\/- 30m"},"content":{"rendered":"<p>Hb-rasia 4LCA+RJ45\/- C6UTP+4SMT HF 30m. Muovinen sis\u00e4lle asennettava p\u00e4\u00e4tekotelo, johon on valmiiksi asennettu hybridikaapeli. Kaapelissa on 4kpl yksimuotokuituja ja suojaamaton Cat6 kuparikaapeli. Kotelossa on 4kpl LC APC-hiottuja kuituliittimi\u00e4 ja p\u00e4\u00e4tetty RJ45 keystone-liitin. CPR-luokitus:\u00a0Dca -s2,d2,a1Saatavana halutulla mitalla.<\/p>","protected":false},"excerpt":{"rendered":"<p>Hb-rasia 4LCA+RJ45\/- C6UTP+4SMT HF 30m. Muovinen sis\u00e4lle asennettava p\u00e4\u00e4tekotelo, johon on valmiiksi asennettu hybridikaapeli. Kaapelissa on 4kpl yksimuotokuituja ja suojaamaton [&hellip;]<\/p>","protected":false},"featured_media":11099,"comment_status":"closed","ping_status":"open","template":"","meta":{"site-sidebar-layout":"default","site-content-layout":"","ast-site-content-layout":"default","site-content-style":"default","site-sidebar-style":"default","ast-global-header-display":"","ast-banner-title-visibility":"","ast-main-header-display":"","ast-hfb-above-header-display":"","ast-hfb-below-header-display":"","ast-hfb-mobile-header-display":"","site-post-title":"","ast-breadcrumbs-content":"","ast-featured-img":"","footer-sml-layout":"","theme-transparent-header-meta":"","adv-header-id-meta":"","stick-header-meta":"","header-above-stick-meta":"","header-main-stick-meta":"","header-below-stick-meta":"","astra-migrate-meta-layouts":"default","ast-page-background-enabled":"default","ast-page-background-meta":{"desktop":{"background-color":"var(--ast-global-color-5)","background-image":"","background-repeat":"repeat","background-position":"center center","background-size":"auto","background-attachment":"scroll","background-type":"","background-media":"","overlay-type":"","overlay-color":"","overlay-opacity":"","overlay-gradient":""},"tablet":{"background-color":"","background-image":"","background-repeat":"repeat","background-position":"center center","background-size":"auto","background-attachment":"scroll","background-type":"","background-media":"","overlay-type":"","overlay-color":"","overlay-opacity":"","overlay-gradient":""},"mobile":{"background-color":"","background-image":"","background-repeat":"repeat","background-position":"center center","background-size":"auto","background-attachment":"scroll","background-type":"","background-media":"","overlay-type":"","overlay-color":"","overlay-opacity":"","overlay-gradient":""}},"ast-content-background-meta":{"desktop":{"background-color":"var(--ast-global-color-4)","background-image":"","background-repeat":"repeat","background-position":"center center","background-size":"auto","background-attachment":"scroll","background-type":"","background-media":"","overlay-type":"","overlay-color":"","overlay-opacity":"","overlay-gradient":""},"tablet":{"background-color":"var(--ast-global-color-4)","background-image":"","background-repeat":"repeat","background-position":"center center","background-size":"auto","background-attachment":"scroll","background-type":"","background-media":"","overlay-type":"","overlay-color":"","overlay-opacity":"","overlay-gradient":""},"mobile":{"background-color":"var(--ast-global-color-4)","background-image":"","background-repeat":"repeat","background-position":"center center","background-size":"auto","background-attachment":"scroll","background-type":"","background-media":"","overlay-type":"","overlay-color":"","overlay-opacity":"","overlay-gradient":""}}},"product_brand":[],"product_cat":[521,366],"product_tag":[],"class_list":{"0":"post-11098","1":"product","2":"type-product","3":"status-publish","4":"has-post-thumbnail","6":"product_cat-cat6-kuitu","7":"product_cat-valmiskaapeli","8":"pa_adapterien-lukumaara-393","9":"pa_apc-versio-kylla","10":"pa_asennustapa-ruuvikiinnitys","11":"pa_kuitujen-lukumaara-349","12":"pa_kuitutyyppi-yksimuoto","13":"pa_laiterivien-maara-274","14":"pa_ulkoisen-liittimentyyppi-lc","15":"pa_vari-valkoinen","16":"desktop-align-left","17":"tablet-align-left","18":"mobile-align-left","20":"first","21":"instock","22":"purchasable","23":"product-type-simple"},"_links":{"self":[{"href":"https:\/\/naficon.ngmprojektit.fi\/en\/wp-json\/wp\/v2\/product\/11098","targetHints":{"allow":["GET"]}}],"collection":[{"href":"https:\/\/naficon.ngmprojektit.fi\/en\/wp-json\/wp\/v2\/product"}],"about":[{"href":"https:\/\/naficon.ngmprojektit.fi\/en\/wp-json\/wp\/v2\/types\/product"}],"replies":[{"embeddable":true,"href":"https:\/\/naficon.ngmprojektit.fi\/en\/wp-json\/wp\/v2\/comments?post=11098"}],"wp:featuredmedia":[{"embeddable":true,"href":"https:\/\/naficon.ngmprojektit.fi\/en\/wp-json\/wp\/v2\/media\/11099"}],"wp:attachment":[{"href":"https:\/\/naficon.ngmprojektit.fi\/en\/wp-json\/wp\/v2\/media?parent=11098"}],"wp:term":[{"taxonomy":"product_brand","embeddable":true,"href":"https:\/\/naficon.ngmprojektit.fi\/en\/wp-json\/wp\/v2\/product_brand?post=11098"},{"taxonomy":"product_cat","embeddable":true,"href":"https:\/\/naficon.ngmprojektit.fi\/en\/wp-json\/wp\/v2\/product_cat?post=11098"},{"taxonomy":"product_tag","embeddable":true,"href":"https:\/\/naficon.ngmprojektit.fi\/en\/wp-json\/wp\/v2\/product_tag?post=11098"}],"curies":[{"name":"wp","href":"https:\/\/api.w.org\/{rel}","templated":true}]}}