{"id":11136,"date":"2025-09-26T11:40:51","date_gmt":"2025-09-26T11:40:51","guid":{"rendered":"https:\/\/naficon.ngmprojektit.fi\/tuote\/naf-upk-lca-2smt-15m-spk-sca-lca-ftmsu-2smt-5m-2\/"},"modified":"2025-09-26T11:41:01","modified_gmt":"2025-09-26T11:41:01","slug":"naf-upk-lca-2smt-15m-spk-sca-lca-ftmsu-2smt-5m-2","status":"publish","type":"product","link":"https:\/\/naficon.ngmprojektit.fi\/en\/product\/naf-upk-lca-2smt-15m-spk-sca-lca-ftmsu-2smt-5m-2\/","title":{"rendered":"NAF UPK LCA\/- 2SMT 1,5m + SPK SCA\/LCA FTMSU 2SMT 5m"},"content":{"rendered":"<p>Kuitu kotiin paketti, jossa seuraavat tuotteet: NAF ulkop\u00e4\u00e4tekotelo, johon on valmiiksi asennettu 2kpl LC-APC h\u00e4nti\u00e4, 5-metrinen FTMSU 4SMT kaapeli, jonka kaksi kuitua on p\u00e4\u00e4tetty. Toisessa p\u00e4\u00e4ss\u00e4 LC-APC liittimet ja toisessa p\u00e4\u00e4ss\u00e4 SC-APC liittimet. SCA-liittimill\u00e4 varustettu p\u00e4\u00e4 on valmiiksi kytketty\u00e4 NAF SPK koteloon.<\/p>","protected":false},"excerpt":{"rendered":"<p>Kuitu kotiin paketti, jossa seuraavat tuotteet: NAF ulkop\u00e4\u00e4tekotelo, johon on valmiiksi asennettu 2kpl LC-APC h\u00e4nti\u00e4, 5-metrinen FTMSU 4SMT kaapeli, jonka [&hellip;]<\/p>","protected":false},"featured_media":11137,"comment_status":"closed","ping_status":"open","template":"","meta":{"site-sidebar-layout":"default","site-content-layout":"","ast-site-content-layout":"default","site-content-style":"default","site-sidebar-style":"default","ast-global-header-display":"","ast-banner-title-visibility":"","ast-main-header-display":"","ast-hfb-above-header-display":"","ast-hfb-below-header-display":"","ast-hfb-mobile-header-display":"","site-post-title":"","ast-breadcrumbs-content":"","ast-featured-img":"","footer-sml-layout":"","theme-transparent-header-meta":"","adv-header-id-meta":"","stick-header-meta":"","header-above-stick-meta":"","header-main-stick-meta":"","header-below-stick-meta":"","astra-migrate-meta-layouts":"default","ast-page-background-enabled":"default","ast-page-background-meta":{"desktop":{"background-color":"var(--ast-global-color-5)","background-image":"","background-repeat":"repeat","background-position":"center center","background-size":"auto","background-attachment":"scroll","background-type":"","background-media":"","overlay-type":"","overlay-color":"","overlay-opacity":"","overlay-gradient":""},"tablet":{"background-color":"","background-image":"","background-repeat":"repeat","background-position":"center center","background-size":"auto","background-attachment":"scroll","background-type":"","background-media":"","overlay-type":"","overlay-color":"","overlay-opacity":"","overlay-gradient":""},"mobile":{"background-color":"","background-image":"","background-repeat":"repeat","background-position":"center center","background-size":"auto","background-attachment":"scroll","background-type":"","background-media":"","overlay-type":"","overlay-color":"","overlay-opacity":"","overlay-gradient":""}},"ast-content-background-meta":{"desktop":{"background-color":"var(--ast-global-color-4)","background-image":"","background-repeat":"repeat","background-position":"center center","background-size":"auto","background-attachment":"scroll","background-type":"","background-media":"","overlay-type":"","overlay-color":"","overlay-opacity":"","overlay-gradient":""},"tablet":{"background-color":"var(--ast-global-color-4)","background-image":"","background-repeat":"repeat","background-position":"center center","background-size":"auto","background-attachment":"scroll","background-type":"","background-media":"","overlay-type":"","overlay-color":"","overlay-opacity":"","overlay-gradient":""},"mobile":{"background-color":"var(--ast-global-color-4)","background-image":"","background-repeat":"repeat","background-position":"center center","background-size":"auto","background-attachment":"scroll","background-type":"","background-media":"","overlay-type":"","overlay-color":"","overlay-opacity":"","overlay-gradient":""}}},"product_brand":[],"product_cat":[522,433],"product_tag":[],"class_list":{"0":"post-11136","1":"product","2":"type-product","3":"status-publish","4":"has-post-thumbnail","6":"product_cat-esikytketyt","7":"product_cat-paatekotelot","8":"pa_adapterien-lukumaara-393","9":"pa_apc-versio-kylla","10":"pa_asennustapa-ruuvikiinnitys","11":"pa_kuitujen-lukumaara-343","12":"pa_kuitutyyppi-yksimuoto","13":"pa_laiterivien-maara-274","14":"pa_ulkoisen-liittimentyyppi-lc-duplex-ja-sc-duplex","15":"pa_vari-harmaa-valkoinen","16":"desktop-align-left","17":"tablet-align-left","18":"mobile-align-left","20":"first","21":"instock","22":"purchasable","23":"product-type-simple"},"_links":{"self":[{"href":"https:\/\/naficon.ngmprojektit.fi\/en\/wp-json\/wp\/v2\/product\/11136","targetHints":{"allow":["GET"]}}],"collection":[{"href":"https:\/\/naficon.ngmprojektit.fi\/en\/wp-json\/wp\/v2\/product"}],"about":[{"href":"https:\/\/naficon.ngmprojektit.fi\/en\/wp-json\/wp\/v2\/types\/product"}],"replies":[{"embeddable":true,"href":"https:\/\/naficon.ngmprojektit.fi\/en\/wp-json\/wp\/v2\/comments?post=11136"}],"wp:featuredmedia":[{"embeddable":true,"href":"https:\/\/naficon.ngmprojektit.fi\/en\/wp-json\/wp\/v2\/media\/11137"}],"wp:attachment":[{"href":"https:\/\/naficon.ngmprojektit.fi\/en\/wp-json\/wp\/v2\/media?parent=11136"}],"wp:term":[{"taxonomy":"product_brand","embeddable":true,"href":"https:\/\/naficon.ngmprojektit.fi\/en\/wp-json\/wp\/v2\/product_brand?post=11136"},{"taxonomy":"product_cat","embeddable":true,"href":"https:\/\/naficon.ngmprojektit.fi\/en\/wp-json\/wp\/v2\/product_cat?post=11136"},{"taxonomy":"product_tag","embeddable":true,"href":"https:\/\/naficon.ngmprojektit.fi\/en\/wp-json\/wp\/v2\/product_tag?post=11136"}],"curies":[{"name":"wp","href":"https:\/\/api.w.org\/{rel}","templated":true}]}}