{"id":11160,"date":"2025-09-26T11:41:02","date_gmt":"2025-09-26T11:41:02","guid":{"rendered":"https:\/\/naficon.ngmprojektit.fi\/tuote\/naf-spk-sca-fms1smt-5mupk-ad-2\/"},"modified":"2025-09-26T11:41:09","modified_gmt":"2025-09-26T11:41:09","slug":"naf-spk-sca-fms1smt-5mupk-ad-2","status":"publish","type":"product","link":"https:\/\/naficon.ngmprojektit.fi\/en\/product\/naf-spk-sca-fms1smt-5mupk-ad-2\/","title":{"rendered":"NAF SPK SCA FMS1SMT 5m+UPK AD."},"content":{"rendered":"<p>Kuitu kotiin paketti, jossa seuraavat tuotteet: NAF ulkop\u00e4\u00e4tekotelo, johon on asennettu SCA\/SCA simplex adapteri. 3 mm paksu sis\u00e4ulkokytkent\u00e4kaapeli, jonka pituus on 5 m. Toinen p\u00e4\u00e4 vapaana hitsausta varten ja toisessa p\u00e4\u00e4ss\u00e4 SC-APC liittimet. SCA-liittimill\u00e4 varustettu p\u00e4\u00e4 on valmiiksi kytketty\u00e4 NAF SPK koteloon. Kaapelin v\u00e4ri on valkoinen.<\/p>","protected":false},"excerpt":{"rendered":"<p>Kuitu kotiin paketti, jossa seuraavat tuotteet: NAF ulkop\u00e4\u00e4tekotelo, johon on asennettu SCA\/SCA simplex adapteri. 3 mm paksu sis\u00e4ulkokytkent\u00e4kaapeli, jonka pituus [&hellip;]<\/p>","protected":false},"featured_media":11161,"comment_status":"closed","ping_status":"open","template":"","meta":{"site-sidebar-layout":"default","site-content-layout":"","ast-site-content-layout":"default","site-content-style":"default","site-sidebar-style":"default","ast-global-header-display":"","ast-banner-title-visibility":"","ast-main-header-display":"","ast-hfb-above-header-display":"","ast-hfb-below-header-display":"","ast-hfb-mobile-header-display":"","site-post-title":"","ast-breadcrumbs-content":"","ast-featured-img":"","footer-sml-layout":"","theme-transparent-header-meta":"","adv-header-id-meta":"","stick-header-meta":"","header-above-stick-meta":"","header-main-stick-meta":"","header-below-stick-meta":"","astra-migrate-meta-layouts":"default","ast-page-background-enabled":"default","ast-page-background-meta":{"desktop":{"background-color":"var(--ast-global-color-5)","background-image":"","background-repeat":"repeat","background-position":"center center","background-size":"auto","background-attachment":"scroll","background-type":"","background-media":"","overlay-type":"","overlay-color":"","overlay-opacity":"","overlay-gradient":""},"tablet":{"background-color":"","background-image":"","background-repeat":"repeat","background-position":"center center","background-size":"auto","background-attachment":"scroll","background-type":"","background-media":"","overlay-type":"","overlay-color":"","overlay-opacity":"","overlay-gradient":""},"mobile":{"background-color":"","background-image":"","background-repeat":"repeat","background-position":"center center","background-size":"auto","background-attachment":"scroll","background-type":"","background-media":"","overlay-type":"","overlay-color":"","overlay-opacity":"","overlay-gradient":""}},"ast-content-background-meta":{"desktop":{"background-color":"var(--ast-global-color-4)","background-image":"","background-repeat":"repeat","background-position":"center center","background-size":"auto","background-attachment":"scroll","background-type":"","background-media":"","overlay-type":"","overlay-color":"","overlay-opacity":"","overlay-gradient":""},"tablet":{"background-color":"var(--ast-global-color-4)","background-image":"","background-repeat":"repeat","background-position":"center center","background-size":"auto","background-attachment":"scroll","background-type":"","background-media":"","overlay-type":"","overlay-color":"","overlay-opacity":"","overlay-gradient":""},"mobile":{"background-color":"var(--ast-global-color-4)","background-image":"","background-repeat":"repeat","background-position":"center center","background-size":"auto","background-attachment":"scroll","background-type":"","background-media":"","overlay-type":"","overlay-color":"","overlay-opacity":"","overlay-gradient":""}}},"product_brand":[],"product_cat":[522,433],"product_tag":[],"class_list":{"0":"post-11160","1":"product","2":"type-product","3":"status-publish","4":"has-post-thumbnail","6":"product_cat-esikytketyt","7":"product_cat-paatekotelot","8":"pa_adapterien-lukumaara-393","9":"pa_apc-versio-kylla","10":"pa_asennustapa-ruuvikiinnitys","11":"pa_kuitujen-lukumaara-335","12":"pa_kuitutyyppi-yksimuoto","13":"pa_laiterivien-maara-274","14":"pa_ulkoisen-liittimentyyppi-sc","15":"pa_vari-harmaa-valkoinen","16":"desktop-align-left","17":"tablet-align-left","18":"mobile-align-left","20":"first","21":"instock","22":"purchasable","23":"product-type-simple"},"_links":{"self":[{"href":"https:\/\/naficon.ngmprojektit.fi\/en\/wp-json\/wp\/v2\/product\/11160","targetHints":{"allow":["GET"]}}],"collection":[{"href":"https:\/\/naficon.ngmprojektit.fi\/en\/wp-json\/wp\/v2\/product"}],"about":[{"href":"https:\/\/naficon.ngmprojektit.fi\/en\/wp-json\/wp\/v2\/types\/product"}],"replies":[{"embeddable":true,"href":"https:\/\/naficon.ngmprojektit.fi\/en\/wp-json\/wp\/v2\/comments?post=11160"}],"wp:featuredmedia":[{"embeddable":true,"href":"https:\/\/naficon.ngmprojektit.fi\/en\/wp-json\/wp\/v2\/media\/11161"}],"wp:attachment":[{"href":"https:\/\/naficon.ngmprojektit.fi\/en\/wp-json\/wp\/v2\/media?parent=11160"}],"wp:term":[{"taxonomy":"product_brand","embeddable":true,"href":"https:\/\/naficon.ngmprojektit.fi\/en\/wp-json\/wp\/v2\/product_brand?post=11160"},{"taxonomy":"product_cat","embeddable":true,"href":"https:\/\/naficon.ngmprojektit.fi\/en\/wp-json\/wp\/v2\/product_cat?post=11160"},{"taxonomy":"product_tag","embeddable":true,"href":"https:\/\/naficon.ngmprojektit.fi\/en\/wp-json\/wp\/v2\/product_tag?post=11160"}],"curies":[{"name":"wp","href":"https:\/\/api.w.org\/{rel}","templated":true}]}}