{"id":7672,"date":"2025-09-26T11:23:46","date_gmt":"2025-09-26T11:23:46","guid":{"rendered":"https:\/\/naficon.ngmprojektit.fi\/tuote\/sc-sc-sm-duplex-adapteri-2\/"},"modified":"2025-09-26T11:23:49","modified_gmt":"2025-09-26T11:23:49","slug":"sc-sc-sm-duplex-adapteri-2","status":"publish","type":"product","link":"https:\/\/naficon.ngmprojektit.fi\/en\/product\/sc-sc-sm-duplex-adapteri-2\/","title":{"rendered":"SC\/SC SM duplex adapteri"},"content":{"rendered":"<p>Keraaminen SC\/SC yksimuoto duplex-adapteri. V\u00e4ri sininen, keraaminen holkki.\u00a0\u00a0Adapterissa l\u00e4pin\u00e4kyv\u00e4t suojahatut, jotta n\u00e4kyv\u00e4n valon laserilla helppo tarkistaa ilman, ett\u00e4 ottaa suojahatut erikseen pois. Adapteri on ns. One Piece mallia, eli ulkokuori on valettu yhdest\u00e4 osasta. Adapterin katkeaminen kahteen osaan normaalissa k\u00e4yt\u00f6ss\u00e4 ei siis ole mahdollista, kuten kaksi osaisissa malleissa.<\/p>","protected":false},"excerpt":{"rendered":"<p>Keraaminen SC\/SC yksimuoto duplex-adapteri. V\u00e4ri sininen, keraaminen holkki.\u00a0\u00a0Adapterissa l\u00e4pin\u00e4kyv\u00e4t suojahatut, jotta n\u00e4kyv\u00e4n valon laserilla helppo tarkistaa ilman, ett\u00e4 ottaa suojahatut [&hellip;]<\/p>","protected":false},"featured_media":7673,"comment_status":"closed","ping_status":"open","template":"","meta":{"site-sidebar-layout":"default","site-content-layout":"","ast-site-content-layout":"default","site-content-style":"default","site-sidebar-style":"default","ast-global-header-display":"","ast-banner-title-visibility":"","ast-main-header-display":"","ast-hfb-above-header-display":"","ast-hfb-below-header-display":"","ast-hfb-mobile-header-display":"","site-post-title":"","ast-breadcrumbs-content":"","ast-featured-img":"","footer-sml-layout":"","theme-transparent-header-meta":"","adv-header-id-meta":"","stick-header-meta":"","header-above-stick-meta":"","header-main-stick-meta":"","header-below-stick-meta":"","astra-migrate-meta-layouts":"default","ast-page-background-enabled":"default","ast-page-background-meta":{"desktop":{"background-color":"var(--ast-global-color-5)","background-image":"","background-repeat":"repeat","background-position":"center center","background-size":"auto","background-attachment":"scroll","background-type":"","background-media":"","overlay-type":"","overlay-color":"","overlay-opacity":"","overlay-gradient":""},"tablet":{"background-color":"","background-image":"","background-repeat":"repeat","background-position":"center center","background-size":"auto","background-attachment":"scroll","background-type":"","background-media":"","overlay-type":"","overlay-color":"","overlay-opacity":"","overlay-gradient":""},"mobile":{"background-color":"","background-image":"","background-repeat":"repeat","background-position":"center center","background-size":"auto","background-attachment":"scroll","background-type":"","background-media":"","overlay-type":"","overlay-color":"","overlay-opacity":"","overlay-gradient":""}},"ast-content-background-meta":{"desktop":{"background-color":"var(--ast-global-color-4)","background-image":"","background-repeat":"repeat","background-position":"center center","background-size":"auto","background-attachment":"scroll","background-type":"","background-media":"","overlay-type":"","overlay-color":"","overlay-opacity":"","overlay-gradient":""},"tablet":{"background-color":"var(--ast-global-color-4)","background-image":"","background-repeat":"repeat","background-position":"center center","background-size":"auto","background-attachment":"scroll","background-type":"","background-media":"","overlay-type":"","overlay-color":"","overlay-opacity":"","overlay-gradient":""},"mobile":{"background-color":"var(--ast-global-color-4)","background-image":"","background-repeat":"repeat","background-position":"center center","background-size":"auto","background-attachment":"scroll","background-type":"","background-media":"","overlay-type":"","overlay-color":"","overlay-opacity":"","overlay-gradient":""}}},"product_brand":[],"product_cat":[32,404],"product_tag":[],"class_list":{"0":"post-7672","1":"product","2":"type-product","3":"status-publish","4":"has-post-thumbnail","6":"product_cat-adapterit","7":"product_cat-yksimuoto","8":"pa_apc-versio-ei","9":"pa_hylsyn-kuoren-materiaali-keramiikka","10":"pa_kiinnitystapa-kytkenta-pika","11":"pa_kotelon-suojuksen-materiaali-muovi","12":"pa_liitintyyppi-sc-duplexsc-duplex","13":"pa_soveltuva-kuitutyyppi-yksimuoto","14":"pa_upc-versio-kylla","15":"pa_vari-sininen","16":"desktop-align-left","17":"tablet-align-left","18":"mobile-align-left","20":"first","21":"instock","22":"purchasable","23":"product-type-simple"},"_links":{"self":[{"href":"https:\/\/naficon.ngmprojektit.fi\/en\/wp-json\/wp\/v2\/product\/7672","targetHints":{"allow":["GET"]}}],"collection":[{"href":"https:\/\/naficon.ngmprojektit.fi\/en\/wp-json\/wp\/v2\/product"}],"about":[{"href":"https:\/\/naficon.ngmprojektit.fi\/en\/wp-json\/wp\/v2\/types\/product"}],"replies":[{"embeddable":true,"href":"https:\/\/naficon.ngmprojektit.fi\/en\/wp-json\/wp\/v2\/comments?post=7672"}],"wp:featuredmedia":[{"embeddable":true,"href":"https:\/\/naficon.ngmprojektit.fi\/en\/wp-json\/wp\/v2\/media\/7673"}],"wp:attachment":[{"href":"https:\/\/naficon.ngmprojektit.fi\/en\/wp-json\/wp\/v2\/media?parent=7672"}],"wp:term":[{"taxonomy":"product_brand","embeddable":true,"href":"https:\/\/naficon.ngmprojektit.fi\/en\/wp-json\/wp\/v2\/product_brand?post=7672"},{"taxonomy":"product_cat","embeddable":true,"href":"https:\/\/naficon.ngmprojektit.fi\/en\/wp-json\/wp\/v2\/product_cat?post=7672"},{"taxonomy":"product_tag","embeddable":true,"href":"https:\/\/naficon.ngmprojektit.fi\/en\/wp-json\/wp\/v2\/product_tag?post=7672"}],"curies":[{"name":"wp","href":"https:\/\/api.w.org\/{rel}","templated":true}]}}