{"id":7858,"date":"2025-09-26T11:24:23","date_gmt":"2025-09-26T11:24:23","guid":{"rendered":"https:\/\/naficon.ngmprojektit.fi\/tuote\/naf-multikaappik0-850-ral7024-2\/"},"modified":"2025-09-26T11:24:29","modified_gmt":"2025-09-26T11:24:29","slug":"naf-multikaappik0-850-ral7024-2","status":"publish","type":"product","link":"https:\/\/naficon.ngmprojektit.fi\/en\/product\/naf-multikaappik0-850-ral7024-2\/","title":{"rendered":"NAF multikaappi+K0\/850 RAL7024"},"content":{"rendered":"<p>NAF multikaappi\u00a0valmiiksi asennettuna K0\/850- jakokaappiin. Sis\u00e4lt\u00e4\u00e4 jalustan. Voidaan k\u00e4ytt\u00e4\u00e4 sek\u00e4 48- ett\u00e4 96-kuituisia jatkoslevyj\u00e4. Kapasitetti: 17 kpl\u00a0 48-kuituisia jatkoslevyj\u00e4, 12 kpl 96-kuituisia jatkoslevyj\u00e4, 98 kpl 7\/3,5mm:n mikrokanavia tai 16 kpl 14\/10 mm:n mikrokanavia.Soveltuu sek\u00e4 maakaapeleille ett\u00e4 mikrokanaville ja -kaapeleille. Voidaan k\u00e4ytt\u00e4\u00e4 kaapeleiden kylkiotoissa. Kaksi harjaksin tiivistetty\u00e4 kaapelil\u00e4pivienti\u00e4 sis\u00e4lle asennetussa jatkoskaapissa. Mitat 1850 x 600 x 360 mm. V\u00e4ri RAL7024. Valmistettu Suomessa. Jatkoslevyjen lis\u00e4ksi jatkoskaappiin voidaan sijoittaa liitin- ja jaotinpaneeleja sek\u00e4 jatkoslevykoteloita.<\/p>","protected":false},"excerpt":{"rendered":"<p>NAF multikaappi\u00a0valmiiksi asennettuna K0\/850- jakokaappiin. Sis\u00e4lt\u00e4\u00e4 jalustan. Voidaan k\u00e4ytt\u00e4\u00e4 sek\u00e4 48- ett\u00e4 96-kuituisia jatkoslevyj\u00e4. Kapasitetti: 17 kpl\u00a0 48-kuituisia jatkoslevyj\u00e4, 12 [&hellip;]<\/p>","protected":false},"featured_media":7859,"comment_status":"closed","ping_status":"open","template":"","meta":{"site-sidebar-layout":"default","site-content-layout":"","ast-site-content-layout":"default","site-content-style":"default","site-sidebar-style":"default","ast-global-header-display":"","ast-banner-title-visibility":"","ast-main-header-display":"","ast-hfb-above-header-display":"","ast-hfb-below-header-display":"","ast-hfb-mobile-header-display":"","site-post-title":"","ast-breadcrumbs-content":"","ast-featured-img":"","footer-sml-layout":"","theme-transparent-header-meta":"","adv-header-id-meta":"","stick-header-meta":"","header-above-stick-meta":"","header-main-stick-meta":"","header-below-stick-meta":"","astra-migrate-meta-layouts":"default","ast-page-background-enabled":"default","ast-page-background-meta":{"desktop":{"background-color":"var(--ast-global-color-5)","background-image":"","background-repeat":"repeat","background-position":"center center","background-size":"auto","background-attachment":"scroll","background-type":"","background-media":"","overlay-type":"","overlay-color":"","overlay-opacity":"","overlay-gradient":""},"tablet":{"background-color":"","background-image":"","background-repeat":"repeat","background-position":"center center","background-size":"auto","background-attachment":"scroll","background-type":"","background-media":"","overlay-type":"","overlay-color":"","overlay-opacity":"","overlay-gradient":""},"mobile":{"background-color":"","background-image":"","background-repeat":"repeat","background-position":"center center","background-size":"auto","background-attachment":"scroll","background-type":"","background-media":"","overlay-type":"","overlay-color":"","overlay-opacity":"","overlay-gradient":""}},"ast-content-background-meta":{"desktop":{"background-color":"var(--ast-global-color-4)","background-image":"","background-repeat":"repeat","background-position":"center center","background-size":"auto","background-attachment":"scroll","background-type":"","background-media":"","overlay-type":"","overlay-color":"","overlay-opacity":"","overlay-gradient":""},"tablet":{"background-color":"var(--ast-global-color-4)","background-image":"","background-repeat":"repeat","background-position":"center center","background-size":"auto","background-attachment":"scroll","background-type":"","background-media":"","overlay-type":"","overlay-color":"","overlay-opacity":"","overlay-gradient":""},"mobile":{"background-color":"var(--ast-global-color-4)","background-image":"","background-repeat":"repeat","background-position":"center center","background-size":"auto","background-attachment":"scroll","background-type":"","background-media":"","overlay-type":"","overlay-color":"","overlay-opacity":"","overlay-gradient":""}}},"product_brand":[],"product_cat":[425],"product_tag":[],"class_list":{"0":"post-7858","1":"product","2":"type-product","3":"status-publish","4":"has-post-thumbnail","6":"product_cat-naf-k-jakokaapit","7":"pa_kayttopaikka-ulkona","8":"pa_kiinnityskohta-etupuoli","9":"pa_korkeus-mm-125","10":"pa_leveys-mm-114","11":"pa_materiaali-teras","12":"pa_pintamateriaali-jauhemaalattu","13":"pa_ral-numero-158","14":"pa_syvyys-mm-126","15":"pa_vari-harmaa","16":"desktop-align-left","17":"tablet-align-left","18":"mobile-align-left","20":"first","21":"instock","22":"purchasable","23":"product-type-simple"},"_links":{"self":[{"href":"https:\/\/naficon.ngmprojektit.fi\/en\/wp-json\/wp\/v2\/product\/7858","targetHints":{"allow":["GET"]}}],"collection":[{"href":"https:\/\/naficon.ngmprojektit.fi\/en\/wp-json\/wp\/v2\/product"}],"about":[{"href":"https:\/\/naficon.ngmprojektit.fi\/en\/wp-json\/wp\/v2\/types\/product"}],"replies":[{"embeddable":true,"href":"https:\/\/naficon.ngmprojektit.fi\/en\/wp-json\/wp\/v2\/comments?post=7858"}],"wp:featuredmedia":[{"embeddable":true,"href":"https:\/\/naficon.ngmprojektit.fi\/en\/wp-json\/wp\/v2\/media\/7859"}],"wp:attachment":[{"href":"https:\/\/naficon.ngmprojektit.fi\/en\/wp-json\/wp\/v2\/media?parent=7858"}],"wp:term":[{"taxonomy":"product_brand","embeddable":true,"href":"https:\/\/naficon.ngmprojektit.fi\/en\/wp-json\/wp\/v2\/product_brand?post=7858"},{"taxonomy":"product_cat","embeddable":true,"href":"https:\/\/naficon.ngmprojektit.fi\/en\/wp-json\/wp\/v2\/product_cat?post=7858"},{"taxonomy":"product_tag","embeddable":true,"href":"https:\/\/naficon.ngmprojektit.fi\/en\/wp-json\/wp\/v2\/product_tag?post=7858"}],"curies":[{"name":"wp","href":"https:\/\/api.w.org\/{rel}","templated":true}]}}