{"id":7924,"date":"2025-09-26T11:24:37","date_gmt":"2025-09-26T11:24:37","guid":{"rendered":"https:\/\/naficon.ngmprojektit.fi\/tuote\/19-odf-900x300x2000mm-rk-kaappi-ilman-ovia-ja-takaseinaa-2\/"},"modified":"2025-09-26T11:24:41","modified_gmt":"2025-09-26T11:24:41","slug":"19-odf-900x300x2000mm-rk-kaappi-ilman-ovia-ja-takaseinaa-2","status":"publish","type":"product","link":"https:\/\/naficon.ngmprojektit.fi\/en\/product\/19-odf-900x300x2000mm-rk-kaappi-ilman-ovia-ja-takaseinaa-2\/","title":{"rendered":"19\u2033 ODF 900x300x2000mm rack cabinet without door and rear panel"},"content":{"rendered":"<p>19&#8243; ODF 900x300x2000mm rk-kaappi ilman ovia ja takasein\u00e4\u00e4. NAF19 on 900 mm leve\u00e4 ja 300 mm syv\u00e4 ristikytkent\u00e4\u00e4n tarkoitettu 19\u0094 mekaniikan kaappi. Kaappia saa sek\u00e4 2000 mm ett\u00e4 2200 mm korkeana. Kaapissa on otettu huomioon kytkent\u00e4kaapelien hallittu asentaminen. Rakenteeltaan kaappi on hyvin yksinkertainen ja siin\u00e4 ei ole liikkuvia osia. 2000 mm:n kaapin kapasiteetti on 40 U:ta ja 2200 mm:n 44 U:ta eli SC-liittimi\u00e4 mahtuu pienemp\u00e4\u00e4n kaappiin 1920 kappaletta ja isompaan 2112 kappaletta. LC-liittimi\u00e4 on mahtuu kaksinkertainen m\u00e4\u00e4r\u00e4 SC-liittimiin verrattuna.<\/p>","protected":false},"excerpt":{"rendered":"<p>19&#8243; ODF 900x300x2000mm rk-kaappi ilman ovia ja takasein\u00e4\u00e4. NAF19 on 900 mm leve\u00e4 ja 300 mm syv\u00e4 ristikytkent\u00e4\u00e4n tarkoitettu 19\u0094 [&hellip;]<\/p>","protected":false},"featured_media":7925,"comment_status":"closed","ping_status":"open","template":"","meta":{"site-sidebar-layout":"default","site-content-layout":"","ast-site-content-layout":"default","site-content-style":"default","site-sidebar-style":"default","ast-global-header-display":"","ast-banner-title-visibility":"","ast-main-header-display":"","ast-hfb-above-header-display":"","ast-hfb-below-header-display":"","ast-hfb-mobile-header-display":"","site-post-title":"","ast-breadcrumbs-content":"","ast-featured-img":"","footer-sml-layout":"","theme-transparent-header-meta":"","adv-header-id-meta":"","stick-header-meta":"","header-above-stick-meta":"","header-main-stick-meta":"","header-below-stick-meta":"","astra-migrate-meta-layouts":"default","ast-page-background-enabled":"default","ast-page-background-meta":{"desktop":{"background-color":"var(--ast-global-color-5)","background-image":"","background-repeat":"repeat","background-position":"center center","background-size":"auto","background-attachment":"scroll","background-type":"","background-media":"","overlay-type":"","overlay-color":"","overlay-opacity":"","overlay-gradient":""},"tablet":{"background-color":"","background-image":"","background-repeat":"repeat","background-position":"center center","background-size":"auto","background-attachment":"scroll","background-type":"","background-media":"","overlay-type":"","overlay-color":"","overlay-opacity":"","overlay-gradient":""},"mobile":{"background-color":"","background-image":"","background-repeat":"repeat","background-position":"center center","background-size":"auto","background-attachment":"scroll","background-type":"","background-media":"","overlay-type":"","overlay-color":"","overlay-opacity":"","overlay-gradient":""}},"ast-content-background-meta":{"desktop":{"background-color":"var(--ast-global-color-4)","background-image":"","background-repeat":"repeat","background-position":"center center","background-size":"auto","background-attachment":"scroll","background-type":"","background-media":"","overlay-type":"","overlay-color":"","overlay-opacity":"","overlay-gradient":""},"tablet":{"background-color":"var(--ast-global-color-4)","background-image":"","background-repeat":"repeat","background-position":"center center","background-size":"auto","background-attachment":"scroll","background-type":"","background-media":"","overlay-type":"","overlay-color":"","overlay-opacity":"","overlay-gradient":""},"mobile":{"background-color":"var(--ast-global-color-4)","background-image":"","background-repeat":"repeat","background-position":"center center","background-size":"auto","background-attachment":"scroll","background-type":"","background-media":"","overlay-type":"","overlay-color":"","overlay-opacity":"","overlay-gradient":""}}},"product_brand":[],"product_cat":[422,423],"product_tag":[],"class_list":{"0":"post-7924","1":"product","2":"type-product","3":"status-publish","4":"has-post-thumbnail","6":"product_cat-19-mekaniikka","7":"product_cat-ristikytkentakaapit-ja-avoseinatelineet","8":"pa_kayttopaikka-sisalla","9":"pa_kiinnityskohta-etupuoli","10":"pa_korkeus-mm-115","11":"pa_leveys-mm-168","12":"pa_materiaali-teras","13":"pa_pintamateriaali-jauhemaalattu","14":"pa_ral-numero-112","15":"pa_syvyys-mm-116","16":"pa_vari-harmaa","17":"desktop-align-left","18":"tablet-align-left","19":"mobile-align-left","21":"first","22":"instock","23":"purchasable","24":"product-type-simple"},"_links":{"self":[{"href":"https:\/\/naficon.ngmprojektit.fi\/en\/wp-json\/wp\/v2\/product\/7924","targetHints":{"allow":["GET"]}}],"collection":[{"href":"https:\/\/naficon.ngmprojektit.fi\/en\/wp-json\/wp\/v2\/product"}],"about":[{"href":"https:\/\/naficon.ngmprojektit.fi\/en\/wp-json\/wp\/v2\/types\/product"}],"replies":[{"embeddable":true,"href":"https:\/\/naficon.ngmprojektit.fi\/en\/wp-json\/wp\/v2\/comments?post=7924"}],"wp:featuredmedia":[{"embeddable":true,"href":"https:\/\/naficon.ngmprojektit.fi\/en\/wp-json\/wp\/v2\/media\/7925"}],"wp:attachment":[{"href":"https:\/\/naficon.ngmprojektit.fi\/en\/wp-json\/wp\/v2\/media?parent=7924"}],"wp:term":[{"taxonomy":"product_brand","embeddable":true,"href":"https:\/\/naficon.ngmprojektit.fi\/en\/wp-json\/wp\/v2\/product_brand?post=7924"},{"taxonomy":"product_cat","embeddable":true,"href":"https:\/\/naficon.ngmprojektit.fi\/en\/wp-json\/wp\/v2\/product_cat?post=7924"},{"taxonomy":"product_tag","embeddable":true,"href":"https:\/\/naficon.ngmprojektit.fi\/en\/wp-json\/wp\/v2\/product_tag?post=7924"}],"curies":[{"name":"wp","href":"https:\/\/api.w.org\/{rel}","templated":true}]}}