{"id":8010,"date":"2025-09-26T11:24:52","date_gmt":"2025-09-26T11:24:52","guid":{"rendered":"https:\/\/naficon.ngmprojektit.fi\/tuote\/naf-ftth-12-metallijatko-7mm-2\/"},"modified":"2025-09-26T11:24:59","modified_gmt":"2025-09-26T11:24:59","slug":"naf-ftth-12-metallijatko-7mm-2","status":"publish","type":"product","link":"https:\/\/naficon.ngmprojektit.fi\/en\/product\/naf-ftth-12-metallijatko-7mm-2\/","title":{"rendered":"NAF FTTH 12 metallijatko 7mm"},"content":{"rendered":"<p>NAF FTTH 12 metallijatkos. Soveltuu talokaapeleiden jatkamiseen ja haaroittamiseen. Kapasiteetti 12 kuidun jatkamiseen. On tyypilt\u00e4\u00e4n huppujatkos. Py\u00f6re\u00e4 muoto antaa jatkokselle eritt\u00e4in kest\u00e4v\u00e4n rakenteen. Runko-osa ja jatkoslevy haponkest\u00e4v\u00e4\u00e4 ter\u00e4st\u00e4. Mekaaninen kaapelil\u00e4pivienti kolmelle ulkohalkaisijaltaan maks. 7 mm:n\u00a0 mikrokanavaputkelle tai kaapelille. Soveltuu erilaisiille mikrokanavaprojekteille<\/p>","protected":false},"excerpt":{"rendered":"<p>NAF FTTH 12 metallijatkos. Soveltuu talokaapeleiden jatkamiseen ja haaroittamiseen. Kapasiteetti 12 kuidun jatkamiseen. On tyypilt\u00e4\u00e4n huppujatkos. Py\u00f6re\u00e4 muoto antaa jatkokselle [&hellip;]<\/p>","protected":false},"featured_media":8011,"comment_status":"closed","ping_status":"open","template":"","meta":{"site-sidebar-layout":"default","site-content-layout":"","ast-site-content-layout":"default","site-content-style":"default","site-sidebar-style":"default","ast-global-header-display":"","ast-banner-title-visibility":"","ast-main-header-display":"","ast-hfb-above-header-display":"","ast-hfb-below-header-display":"","ast-hfb-mobile-header-display":"","site-post-title":"","ast-breadcrumbs-content":"","ast-featured-img":"","footer-sml-layout":"","theme-transparent-header-meta":"","adv-header-id-meta":"","stick-header-meta":"","header-above-stick-meta":"","header-main-stick-meta":"","header-below-stick-meta":"","astra-migrate-meta-layouts":"default","ast-page-background-enabled":"default","ast-page-background-meta":{"desktop":{"background-color":"var(--ast-global-color-5)","background-image":"","background-repeat":"repeat","background-position":"center center","background-size":"auto","background-attachment":"scroll","background-type":"","background-media":"","overlay-type":"","overlay-color":"","overlay-opacity":"","overlay-gradient":""},"tablet":{"background-color":"","background-image":"","background-repeat":"repeat","background-position":"center center","background-size":"auto","background-attachment":"scroll","background-type":"","background-media":"","overlay-type":"","overlay-color":"","overlay-opacity":"","overlay-gradient":""},"mobile":{"background-color":"","background-image":"","background-repeat":"repeat","background-position":"center center","background-size":"auto","background-attachment":"scroll","background-type":"","background-media":"","overlay-type":"","overlay-color":"","overlay-opacity":"","overlay-gradient":""}},"ast-content-background-meta":{"desktop":{"background-color":"var(--ast-global-color-4)","background-image":"","background-repeat":"repeat","background-position":"center center","background-size":"auto","background-attachment":"scroll","background-type":"","background-media":"","overlay-type":"","overlay-color":"","overlay-opacity":"","overlay-gradient":""},"tablet":{"background-color":"var(--ast-global-color-4)","background-image":"","background-repeat":"repeat","background-position":"center center","background-size":"auto","background-attachment":"scroll","background-type":"","background-media":"","overlay-type":"","overlay-color":"","overlay-opacity":"","overlay-gradient":""},"mobile":{"background-color":"var(--ast-global-color-4)","background-image":"","background-repeat":"repeat","background-position":"center center","background-size":"auto","background-attachment":"scroll","background-type":"","background-media":"","overlay-type":"","overlay-color":"","overlay-opacity":"","overlay-gradient":""}}},"product_brand":[],"product_cat":[417,432],"product_tag":[],"class_list":{"0":"post-8010","1":"product","2":"type-product","3":"status-publish","4":"has-post-thumbnail","6":"product_cat-naf-jatkoskotelot","7":"product_cat-talokaapelijatkot","8":"pa_korkeus-mm-219","9":"pa_kotelointiluokka-ip-ip68","10":"pa_kytkentatapa-fuusioliitos","11":"pa_leveys-mm-218","12":"pa_materiaali-haponkestava-teras","13":"pa_sopii-tiivistysvalille-mm-191","14":"pa_soveltuu-kuitujen-maaralle-217","15":"pa_syvyys-mm-220","16":"pa_vari-metalli","17":"desktop-align-left","18":"tablet-align-left","19":"mobile-align-left","21":"first","22":"instock","23":"purchasable","24":"product-type-simple"},"_links":{"self":[{"href":"https:\/\/naficon.ngmprojektit.fi\/en\/wp-json\/wp\/v2\/product\/8010","targetHints":{"allow":["GET"]}}],"collection":[{"href":"https:\/\/naficon.ngmprojektit.fi\/en\/wp-json\/wp\/v2\/product"}],"about":[{"href":"https:\/\/naficon.ngmprojektit.fi\/en\/wp-json\/wp\/v2\/types\/product"}],"replies":[{"embeddable":true,"href":"https:\/\/naficon.ngmprojektit.fi\/en\/wp-json\/wp\/v2\/comments?post=8010"}],"wp:featuredmedia":[{"embeddable":true,"href":"https:\/\/naficon.ngmprojektit.fi\/en\/wp-json\/wp\/v2\/media\/8011"}],"wp:attachment":[{"href":"https:\/\/naficon.ngmprojektit.fi\/en\/wp-json\/wp\/v2\/media?parent=8010"}],"wp:term":[{"taxonomy":"product_brand","embeddable":true,"href":"https:\/\/naficon.ngmprojektit.fi\/en\/wp-json\/wp\/v2\/product_brand?post=8010"},{"taxonomy":"product_cat","embeddable":true,"href":"https:\/\/naficon.ngmprojektit.fi\/en\/wp-json\/wp\/v2\/product_cat?post=8010"},{"taxonomy":"product_tag","embeddable":true,"href":"https:\/\/naficon.ngmprojektit.fi\/en\/wp-json\/wp\/v2\/product_tag?post=8010"}],"curies":[{"name":"wp","href":"https:\/\/api.w.org\/{rel}","templated":true}]}}