{"id":8032,"date":"2025-09-26T11:25:02","date_gmt":"2025-09-26T11:25:02","guid":{"rendered":"https:\/\/naficon.ngmprojektit.fi\/tuote\/naf-yleisjatkos-480-k-5xovaali-2\/"},"modified":"2025-09-26T11:25:06","modified_gmt":"2025-09-26T11:25:06","slug":"naf-yleisjatkos-480-k-5xovaali-2","status":"publish","type":"product","link":"https:\/\/naficon.ngmprojektit.fi\/en\/product\/naf-yleisjatkos-480-k-5xovaali-2\/","title":{"rendered":"NAF yleisjatkos 480-k 5xOvaali"},"content":{"rendered":"<p>Soveltuu erilaisille kaapelirakenteille. Voidaan k\u00e4ytt\u00e4\u00e4 kaapeleiden kylkiotoissa. Kapasiteetti jopa 480 kuidun jatkamiseen. Jatkoslevyille kotelossa on kiinte\u00e4 jatkoslevyteline. Jatkoslevytelineeseen voidaan sijoittaa sek\u00e4 48- ett\u00e4 96-kuituisia ns. koukkukiinnitteisi\u00e4 jatkoslevyj\u00e4. Mitat\u00a0 kaapelil\u00e4pivientien kanssa 180x495x287 mm. Sis\u00e4osan laipassa on viisi ovaalia l\u00e4pivienti\u00e4 mekaanisille kaapelil\u00e4pivienneille tai kutisteille. Materiaali happoter\u00e4st\u00e4. Tiiveys IP 68. Suunniteltu ja valmistettu Suomessa.\u00a0Peruspakettiin kuuluu normaalien tarvikkeiden lis\u00e4ksi 5 kpl 56\/16 25cm kutisteita ja 10 kpl haarakiiloja ja 2 kpl p\u00e4\u00e4tetuppiloita. Jatkoslevyt eiv\u00e4t kuulu peruspakettiin.Sopivat mekaaniset kaapelil\u00e4piviennit S.nro: 7263240, 7263241, 7263242, 7263243, 7269494, 7269495, 7269494.Sopivat jatkoslevyt: 7264145 ja 7269282<\/p>","protected":false},"excerpt":{"rendered":"<p>Soveltuu erilaisille kaapelirakenteille. Voidaan k\u00e4ytt\u00e4\u00e4 kaapeleiden kylkiotoissa. Kapasiteetti jopa 480 kuidun jatkamiseen. Jatkoslevyille kotelossa on kiinte\u00e4 jatkoslevyteline. Jatkoslevytelineeseen voidaan sijoittaa [&hellip;]<\/p>","protected":false},"featured_media":8033,"comment_status":"closed","ping_status":"open","template":"","meta":{"site-sidebar-layout":"default","site-content-layout":"","ast-site-content-layout":"default","site-content-style":"default","site-sidebar-style":"default","ast-global-header-display":"","ast-banner-title-visibility":"","ast-main-header-display":"","ast-hfb-above-header-display":"","ast-hfb-below-header-display":"","ast-hfb-mobile-header-display":"","site-post-title":"","ast-breadcrumbs-content":"","ast-featured-img":"","footer-sml-layout":"","theme-transparent-header-meta":"","adv-header-id-meta":"","stick-header-meta":"","header-above-stick-meta":"","header-main-stick-meta":"","header-below-stick-meta":"","astra-migrate-meta-layouts":"default","ast-page-background-enabled":"default","ast-page-background-meta":{"desktop":{"background-color":"var(--ast-global-color-5)","background-image":"","background-repeat":"repeat","background-position":"center center","background-size":"auto","background-attachment":"scroll","background-type":"","background-media":"","overlay-type":"","overlay-color":"","overlay-opacity":"","overlay-gradient":""},"tablet":{"background-color":"","background-image":"","background-repeat":"repeat","background-position":"center center","background-size":"auto","background-attachment":"scroll","background-type":"","background-media":"","overlay-type":"","overlay-color":"","overlay-opacity":"","overlay-gradient":""},"mobile":{"background-color":"","background-image":"","background-repeat":"repeat","background-position":"center center","background-size":"auto","background-attachment":"scroll","background-type":"","background-media":"","overlay-type":"","overlay-color":"","overlay-opacity":"","overlay-gradient":""}},"ast-content-background-meta":{"desktop":{"background-color":"var(--ast-global-color-4)","background-image":"","background-repeat":"repeat","background-position":"center center","background-size":"auto","background-attachment":"scroll","background-type":"","background-media":"","overlay-type":"","overlay-color":"","overlay-opacity":"","overlay-gradient":""},"tablet":{"background-color":"var(--ast-global-color-4)","background-image":"","background-repeat":"repeat","background-position":"center center","background-size":"auto","background-attachment":"scroll","background-type":"","background-media":"","overlay-type":"","overlay-color":"","overlay-opacity":"","overlay-gradient":""},"mobile":{"background-color":"var(--ast-global-color-4)","background-image":"","background-repeat":"repeat","background-position":"center center","background-size":"auto","background-attachment":"scroll","background-type":"","background-media":"","overlay-type":"","overlay-color":"","overlay-opacity":"","overlay-gradient":""}}},"product_brand":[],"product_cat":[417,429],"product_tag":[],"class_list":{"0":"post-8032","1":"product","2":"type-product","3":"status-publish","4":"has-post-thumbnail","6":"product_cat-naf-jatkoskotelot","7":"product_cat-ovaalilapiviennit","8":"pa_korkeus-mm-208","9":"pa_kotelointiluokka-ip-ip68","10":"pa_kytkentatapa-fuusioliitos","11":"pa_leveys-mm-207","12":"pa_materiaali-haponkestava-teras","13":"pa_sopii-tiivistysvalille-mm-191","14":"pa_soveltuu-kuitujen-maaralle-206","15":"pa_syvyys-mm-209","16":"pa_vari-metalli","17":"desktop-align-left","18":"tablet-align-left","19":"mobile-align-left","21":"first","22":"instock","23":"purchasable","24":"product-type-simple"},"_links":{"self":[{"href":"https:\/\/naficon.ngmprojektit.fi\/en\/wp-json\/wp\/v2\/product\/8032","targetHints":{"allow":["GET"]}}],"collection":[{"href":"https:\/\/naficon.ngmprojektit.fi\/en\/wp-json\/wp\/v2\/product"}],"about":[{"href":"https:\/\/naficon.ngmprojektit.fi\/en\/wp-json\/wp\/v2\/types\/product"}],"replies":[{"embeddable":true,"href":"https:\/\/naficon.ngmprojektit.fi\/en\/wp-json\/wp\/v2\/comments?post=8032"}],"wp:featuredmedia":[{"embeddable":true,"href":"https:\/\/naficon.ngmprojektit.fi\/en\/wp-json\/wp\/v2\/media\/8033"}],"wp:attachment":[{"href":"https:\/\/naficon.ngmprojektit.fi\/en\/wp-json\/wp\/v2\/media?parent=8032"}],"wp:term":[{"taxonomy":"product_brand","embeddable":true,"href":"https:\/\/naficon.ngmprojektit.fi\/en\/wp-json\/wp\/v2\/product_brand?post=8032"},{"taxonomy":"product_cat","embeddable":true,"href":"https:\/\/naficon.ngmprojektit.fi\/en\/wp-json\/wp\/v2\/product_cat?post=8032"},{"taxonomy":"product_tag","embeddable":true,"href":"https:\/\/naficon.ngmprojektit.fi\/en\/wp-json\/wp\/v2\/product_tag?post=8032"}],"curies":[{"name":"wp","href":"https:\/\/api.w.org\/{rel}","templated":true}]}}