{"id":8036,"date":"2025-09-26T11:25:02","date_gmt":"2025-09-26T11:25:02","guid":{"rendered":"https:\/\/naficon.ngmprojektit.fi\/tuote\/naf-paatejatko-2\/"},"modified":"2025-09-26T11:25:07","modified_gmt":"2025-09-26T11:25:07","slug":"naf-paatejatko-2","status":"publish","type":"product","link":"https:\/\/naficon.ngmprojektit.fi\/en\/product\/naf-paatejatko-2\/","title":{"rendered":"NAF p\u00e4\u00e4tejatko"},"content":{"rendered":"<p>NAF p\u00e4\u00e4tejatko. IP 66 luokan p\u00e4\u00e4tejatko. Sis\u00e4lle mahtuu 5 kuitujatkoslevy\u00e4. Voi k\u00e4ytt\u00e4\u00e4 suoraan kaapelin jatkamiseen tai jatkamaan 16kpl talokaapeleita.Peruspakettiin kuuluu: 1kpl jatkoslevy, 2kpl M40 l\u00e4pivientiholkkia ( 8 reik\u00e4inen 6mm:n halkaisijalla), 2kpl M25 l\u00e4pivientiholkkia suojakumilla, kalvotiiviste 12mm:n maadoitusaukkoa varten, 1kpl kuparinen maadoituskisko ja sein\u00e4kiinnitysraudat.Lis\u00e4varusteina on mahdollisuus hankkia lis\u00e4maadoituskisko ja jatkoslevyj\u00e4. L\u00e4pivientiholkkeihin saatavissa erilaisia tiivistekumeja.<\/p>","protected":false},"excerpt":{"rendered":"<p>NAF p\u00e4\u00e4tejatko. IP 66 luokan p\u00e4\u00e4tejatko. Sis\u00e4lle mahtuu 5 kuitujatkoslevy\u00e4. Voi k\u00e4ytt\u00e4\u00e4 suoraan kaapelin jatkamiseen tai jatkamaan 16kpl talokaapeleita.Peruspakettiin kuuluu: [&hellip;]<\/p>","protected":false},"featured_media":8037,"comment_status":"closed","ping_status":"open","template":"","meta":{"site-sidebar-layout":"default","site-content-layout":"","ast-site-content-layout":"default","site-content-style":"default","site-sidebar-style":"default","ast-global-header-display":"","ast-banner-title-visibility":"","ast-main-header-display":"","ast-hfb-above-header-display":"","ast-hfb-below-header-display":"","ast-hfb-mobile-header-display":"","site-post-title":"","ast-breadcrumbs-content":"","ast-featured-img":"","footer-sml-layout":"","theme-transparent-header-meta":"","adv-header-id-meta":"","stick-header-meta":"","header-above-stick-meta":"","header-main-stick-meta":"","header-below-stick-meta":"","astra-migrate-meta-layouts":"default","ast-page-background-enabled":"default","ast-page-background-meta":{"desktop":{"background-color":"var(--ast-global-color-5)","background-image":"","background-repeat":"repeat","background-position":"center center","background-size":"auto","background-attachment":"scroll","background-type":"","background-media":"","overlay-type":"","overlay-color":"","overlay-opacity":"","overlay-gradient":""},"tablet":{"background-color":"","background-image":"","background-repeat":"repeat","background-position":"center center","background-size":"auto","background-attachment":"scroll","background-type":"","background-media":"","overlay-type":"","overlay-color":"","overlay-opacity":"","overlay-gradient":""},"mobile":{"background-color":"","background-image":"","background-repeat":"repeat","background-position":"center center","background-size":"auto","background-attachment":"scroll","background-type":"","background-media":"","overlay-type":"","overlay-color":"","overlay-opacity":"","overlay-gradient":""}},"ast-content-background-meta":{"desktop":{"background-color":"var(--ast-global-color-4)","background-image":"","background-repeat":"repeat","background-position":"center center","background-size":"auto","background-attachment":"scroll","background-type":"","background-media":"","overlay-type":"","overlay-color":"","overlay-opacity":"","overlay-gradient":""},"tablet":{"background-color":"var(--ast-global-color-4)","background-image":"","background-repeat":"repeat","background-position":"center center","background-size":"auto","background-attachment":"scroll","background-type":"","background-media":"","overlay-type":"","overlay-color":"","overlay-opacity":"","overlay-gradient":""},"mobile":{"background-color":"var(--ast-global-color-4)","background-image":"","background-repeat":"repeat","background-position":"center center","background-size":"auto","background-attachment":"scroll","background-type":"","background-media":"","overlay-type":"","overlay-color":"","overlay-opacity":"","overlay-gradient":""}}},"product_brand":[],"product_cat":[431,417],"product_tag":[],"class_list":{"0":"post-8036","1":"product","2":"type-product","3":"status-publish","4":"has-post-thumbnail","6":"product_cat-muut-jatkot","7":"product_cat-naf-jatkoskotelot","8":"pa_korkeus-mm-245","9":"pa_kotelointiluokka-ip-ip66","10":"pa_kytkentatapa-fuusioliitos","11":"pa_leveys-mm-244","12":"pa_materiaali-muovi","13":"pa_sopii-tiivistysvalille-mm-191","14":"pa_soveltuu-kuitujen-maaralle-242","15":"pa_syvyys-mm-246","16":"pa_vari-beige","17":"desktop-align-left","18":"tablet-align-left","19":"mobile-align-left","21":"first","22":"instock","23":"purchasable","24":"product-type-simple"},"_links":{"self":[{"href":"https:\/\/naficon.ngmprojektit.fi\/en\/wp-json\/wp\/v2\/product\/8036","targetHints":{"allow":["GET"]}}],"collection":[{"href":"https:\/\/naficon.ngmprojektit.fi\/en\/wp-json\/wp\/v2\/product"}],"about":[{"href":"https:\/\/naficon.ngmprojektit.fi\/en\/wp-json\/wp\/v2\/types\/product"}],"replies":[{"embeddable":true,"href":"https:\/\/naficon.ngmprojektit.fi\/en\/wp-json\/wp\/v2\/comments?post=8036"}],"wp:featuredmedia":[{"embeddable":true,"href":"https:\/\/naficon.ngmprojektit.fi\/en\/wp-json\/wp\/v2\/media\/8037"}],"wp:attachment":[{"href":"https:\/\/naficon.ngmprojektit.fi\/en\/wp-json\/wp\/v2\/media?parent=8036"}],"wp:term":[{"taxonomy":"product_brand","embeddable":true,"href":"https:\/\/naficon.ngmprojektit.fi\/en\/wp-json\/wp\/v2\/product_brand?post=8036"},{"taxonomy":"product_cat","embeddable":true,"href":"https:\/\/naficon.ngmprojektit.fi\/en\/wp-json\/wp\/v2\/product_cat?post=8036"},{"taxonomy":"product_tag","embeddable":true,"href":"https:\/\/naficon.ngmprojektit.fi\/en\/wp-json\/wp\/v2\/product_tag?post=8036"}],"curies":[{"name":"wp","href":"https:\/\/api.w.org\/{rel}","templated":true}]}}