{"id":8050,"date":"2025-09-26T11:25:02","date_gmt":"2025-09-26T11:25:02","guid":{"rendered":"https:\/\/naficon.ngmprojektit.fi\/tuote\/naf-ftth-96-192-haarajatkos-2\/"},"modified":"2025-09-26T11:25:09","modified_gmt":"2025-09-26T11:25:09","slug":"naf-ftth-96-192-haarajatkos-2","status":"publish","type":"product","link":"https:\/\/naficon.ngmprojektit.fi\/en\/product\/naf-ftth-96-192-haarajatkos-2\/","title":{"rendered":"NAF FTTH 96\/192 splitter"},"content":{"rendered":"<p>NAF FTTH 96\/192 haarajatkos. Kotelo on ns. huppujatkos koostuen alaosasta jatkoslevyineen sek\u00e4 suojakuoresta. 96 kuidun jatkamiseen ja lis\u00e4jatkoslevyll\u00e4 (7269480) 192 kuidun jatkamiseen. Kotelo soveltuu erilaisille kaapelirakenteille ja sit\u00e4 voidaan k\u00e4ytt\u00e4\u00e4 kaapeleiden kylkiotoissa. Soveltuu my\u00f6s maavaraiseksi jatkokseksi mikrokanavaverkkoihin. Mitat kaapelil\u00e4piviennin kanssa 498 x 235 x 125 mm. Alaosan laipassa on kuusi py\u00f6re\u00e4\u00e4 kaapelil\u00e4pivienti\u00e4, joiden sis\u00e4halkaisija on 22,9 mm. Materiaali happoter\u00e4st\u00e4. Tiiveys IP 68. Suunniteltu ja valmistettu Suomessa. Varusteet: 6kpl Kaapelikutiste 34\/8. 200 mm, 6 kpl kaapelikutisteen haaroituskappale, 4 kpl p\u00e4\u00e4tetuppilo, 1kpl jatkoslevy, johon vaimiiksi asennnettuna 4kpl 24-paikkaisia KJS-pidikkeit\u00e4, 8 kpl maadoitusliitin, 1kpl maadoitusliitin M6-16mm2, 16kpl kiinnitysruuvi M4x12, 12kpl nippuside 2x100mm, 3kpl ylivientijohtoja liittimill\u00e4, 3kpl korrugoituja kaarikiinnikkeit\u00e4, 1kpl puhdistuspyyhe ja 1kpl silikageelipussi 25g. Mahdollisuus lis\u00e4t\u00e4 toinen jatkoslevy (7269480), johon vaimiiksi asennnettuna 4kpl 24-paikkaisia KJS-pidikkeit\u00e4.<\/p>","protected":false},"excerpt":{"rendered":"<p>NAF FTTH 96\/192 haarajatkos. Kotelo on ns. huppujatkos koostuen alaosasta jatkoslevyineen sek\u00e4 suojakuoresta. 96 kuidun jatkamiseen ja lis\u00e4jatkoslevyll\u00e4 (7269480) 192 [&hellip;]<\/p>","protected":false},"featured_media":8051,"comment_status":"closed","ping_status":"open","template":"","meta":{"site-sidebar-layout":"default","site-content-layout":"","ast-site-content-layout":"default","site-content-style":"default","site-sidebar-style":"default","ast-global-header-display":"","ast-banner-title-visibility":"","ast-main-header-display":"","ast-hfb-above-header-display":"","ast-hfb-below-header-display":"","ast-hfb-mobile-header-display":"","site-post-title":"","ast-breadcrumbs-content":"","ast-featured-img":"","footer-sml-layout":"","theme-transparent-header-meta":"","adv-header-id-meta":"","stick-header-meta":"","header-above-stick-meta":"","header-main-stick-meta":"","header-below-stick-meta":"","astra-migrate-meta-layouts":"default","ast-page-background-enabled":"default","ast-page-background-meta":{"desktop":{"background-color":"var(--ast-global-color-5)","background-image":"","background-repeat":"repeat","background-position":"center center","background-size":"auto","background-attachment":"scroll","background-type":"","background-media":"","overlay-type":"","overlay-color":"","overlay-opacity":"","overlay-gradient":""},"tablet":{"background-color":"","background-image":"","background-repeat":"repeat","background-position":"center center","background-size":"auto","background-attachment":"scroll","background-type":"","background-media":"","overlay-type":"","overlay-color":"","overlay-opacity":"","overlay-gradient":""},"mobile":{"background-color":"","background-image":"","background-repeat":"repeat","background-position":"center center","background-size":"auto","background-attachment":"scroll","background-type":"","background-media":"","overlay-type":"","overlay-color":"","overlay-opacity":"","overlay-gradient":""}},"ast-content-background-meta":{"desktop":{"background-color":"var(--ast-global-color-4)","background-image":"","background-repeat":"repeat","background-position":"center center","background-size":"auto","background-attachment":"scroll","background-type":"","background-media":"","overlay-type":"","overlay-color":"","overlay-opacity":"","overlay-gradient":""},"tablet":{"background-color":"var(--ast-global-color-4)","background-image":"","background-repeat":"repeat","background-position":"center center","background-size":"auto","background-attachment":"scroll","background-type":"","background-media":"","overlay-type":"","overlay-color":"","overlay-opacity":"","overlay-gradient":""},"mobile":{"background-color":"var(--ast-global-color-4)","background-image":"","background-repeat":"repeat","background-position":"center center","background-size":"auto","background-attachment":"scroll","background-type":"","background-media":"","overlay-type":"","overlay-color":"","overlay-opacity":"","overlay-gradient":""}}},"product_brand":[],"product_cat":[417,430],"product_tag":[],"class_list":{"0":"post-8050","1":"product","2":"type-product","3":"status-publish","4":"has-post-thumbnail","6":"product_cat-naf-jatkoskotelot","7":"product_cat-putkilapiviennit","8":"pa_korkeus-mm-125","9":"pa_kotelointiluokka-ip-ip68","10":"pa_kytkentatapa-fuusioliitos","11":"pa_leveys-mm-211","12":"pa_materiaali-haponkestava-teras","13":"pa_sopii-tiivistysvalille-mm-191","14":"pa_soveltuu-kuitujen-maaralle-210","15":"pa_syvyys-mm-225","16":"pa_vari-metalli","17":"desktop-align-left","18":"tablet-align-left","19":"mobile-align-left","21":"first","22":"instock","23":"purchasable","24":"product-type-simple"},"_links":{"self":[{"href":"https:\/\/naficon.ngmprojektit.fi\/en\/wp-json\/wp\/v2\/product\/8050","targetHints":{"allow":["GET"]}}],"collection":[{"href":"https:\/\/naficon.ngmprojektit.fi\/en\/wp-json\/wp\/v2\/product"}],"about":[{"href":"https:\/\/naficon.ngmprojektit.fi\/en\/wp-json\/wp\/v2\/types\/product"}],"replies":[{"embeddable":true,"href":"https:\/\/naficon.ngmprojektit.fi\/en\/wp-json\/wp\/v2\/comments?post=8050"}],"wp:featuredmedia":[{"embeddable":true,"href":"https:\/\/naficon.ngmprojektit.fi\/en\/wp-json\/wp\/v2\/media\/8051"}],"wp:attachment":[{"href":"https:\/\/naficon.ngmprojektit.fi\/en\/wp-json\/wp\/v2\/media?parent=8050"}],"wp:term":[{"taxonomy":"product_brand","embeddable":true,"href":"https:\/\/naficon.ngmprojektit.fi\/en\/wp-json\/wp\/v2\/product_brand?post=8050"},{"taxonomy":"product_cat","embeddable":true,"href":"https:\/\/naficon.ngmprojektit.fi\/en\/wp-json\/wp\/v2\/product_cat?post=8050"},{"taxonomy":"product_tag","embeddable":true,"href":"https:\/\/naficon.ngmprojektit.fi\/en\/wp-json\/wp\/v2\/product_tag?post=8050"}],"curies":[{"name":"wp","href":"https:\/\/api.w.org\/{rel}","templated":true}]}}