{"id":8130,"date":"2025-09-26T11:25:23","date_gmt":"2025-09-26T11:25:23","guid":{"rendered":"https:\/\/naficon.ngmprojektit.fi\/tuote\/plc-jakaja-2x4-sca-2\/"},"modified":"2025-09-26T11:25:32","modified_gmt":"2025-09-26T11:25:32","slug":"plc-jakaja-2x4-sca-2","status":"publish","type":"product","link":"https:\/\/naficon.ngmprojektit.fi\/en\/product\/plc-jakaja-2x4-sca-2\/","title":{"rendered":"PLC-jakaja 2&#215;4 SCA"},"content":{"rendered":"<p>Jakaja, jossa kaksi sis\u00e4\u00e4ntuloa ja jako nelj\u00e4\u00e4n. SC-APC liittimet asennettuna<\/p>","protected":false},"excerpt":{"rendered":"<p>Jakaja, jossa kaksi sis\u00e4\u00e4ntuloa ja jako nelj\u00e4\u00e4n. SC-APC liittimet asennettuna<\/p>","protected":false},"featured_media":8131,"comment_status":"closed","ping_status":"open","template":"","meta":{"site-sidebar-layout":"default","site-content-layout":"","ast-site-content-layout":"default","site-content-style":"default","site-sidebar-style":"default","ast-global-header-display":"","ast-banner-title-visibility":"","ast-main-header-display":"","ast-hfb-above-header-display":"","ast-hfb-below-header-display":"","ast-hfb-mobile-header-display":"","site-post-title":"","ast-breadcrumbs-content":"","ast-featured-img":"","footer-sml-layout":"","theme-transparent-header-meta":"","adv-header-id-meta":"","stick-header-meta":"","header-above-stick-meta":"","header-main-stick-meta":"","header-below-stick-meta":"","astra-migrate-meta-layouts":"default","ast-page-background-enabled":"default","ast-page-background-meta":{"desktop":{"background-color":"var(--ast-global-color-5)","background-image":"","background-repeat":"repeat","background-position":"center center","background-size":"auto","background-attachment":"scroll","background-type":"","background-media":"","overlay-type":"","overlay-color":"","overlay-opacity":"","overlay-gradient":""},"tablet":{"background-color":"","background-image":"","background-repeat":"repeat","background-position":"center center","background-size":"auto","background-attachment":"scroll","background-type":"","background-media":"","overlay-type":"","overlay-color":"","overlay-opacity":"","overlay-gradient":""},"mobile":{"background-color":"","background-image":"","background-repeat":"repeat","background-position":"center center","background-size":"auto","background-attachment":"scroll","background-type":"","background-media":"","overlay-type":"","overlay-color":"","overlay-opacity":"","overlay-gradient":""}},"ast-content-background-meta":{"desktop":{"background-color":"var(--ast-global-color-4)","background-image":"","background-repeat":"repeat","background-position":"center center","background-size":"auto","background-attachment":"scroll","background-type":"","background-media":"","overlay-type":"","overlay-color":"","overlay-opacity":"","overlay-gradient":""},"tablet":{"background-color":"var(--ast-global-color-4)","background-image":"","background-repeat":"repeat","background-position":"center center","background-size":"auto","background-attachment":"scroll","background-type":"","background-media":"","overlay-type":"","overlay-color":"","overlay-opacity":"","overlay-gradient":""},"mobile":{"background-color":"var(--ast-global-color-4)","background-image":"","background-repeat":"repeat","background-position":"center center","background-size":"auto","background-attachment":"scroll","background-type":"","background-media":"","overlay-type":"","overlay-color":"","overlay-opacity":"","overlay-gradient":""}}},"product_brand":[],"product_cat":[435,437],"product_tag":[],"class_list":{"0":"post-8130","1":"product","2":"type-product","3":"status-publish","4":"has-post-thumbnail","6":"product_cat-haaroittimet","7":"product_cat-liittimilla","8":"pa_asennustapa-muu","9":"pa_heijastusvaimennus-minimi-db-308","10":"pa_jaotintyyppi-2x4","11":"pa_kayttolampotila-alue-celsius-40-85","12":"pa_kuitupituus-lahtopuoli-mm-280","13":"pa_kuitupituus-tulopuoli-mm-279","14":"pa_lahtoliittimen-tyyppi-sc-apc","15":"pa_max-uniformity-loss-db-301","16":"pa_suuntavaikutus-minimi-db-278","17":"pa_toiminta-aallonpituus-nm-1260-1650","18":"pa_tuloliittimen-tyyppi-sc-apc","19":"desktop-align-left","20":"tablet-align-left","21":"mobile-align-left","23":"first","24":"instock","25":"purchasable","26":"product-type-simple"},"_links":{"self":[{"href":"https:\/\/naficon.ngmprojektit.fi\/en\/wp-json\/wp\/v2\/product\/8130","targetHints":{"allow":["GET"]}}],"collection":[{"href":"https:\/\/naficon.ngmprojektit.fi\/en\/wp-json\/wp\/v2\/product"}],"about":[{"href":"https:\/\/naficon.ngmprojektit.fi\/en\/wp-json\/wp\/v2\/types\/product"}],"replies":[{"embeddable":true,"href":"https:\/\/naficon.ngmprojektit.fi\/en\/wp-json\/wp\/v2\/comments?post=8130"}],"wp:featuredmedia":[{"embeddable":true,"href":"https:\/\/naficon.ngmprojektit.fi\/en\/wp-json\/wp\/v2\/media\/8131"}],"wp:attachment":[{"href":"https:\/\/naficon.ngmprojektit.fi\/en\/wp-json\/wp\/v2\/media?parent=8130"}],"wp:term":[{"taxonomy":"product_brand","embeddable":true,"href":"https:\/\/naficon.ngmprojektit.fi\/en\/wp-json\/wp\/v2\/product_brand?post=8130"},{"taxonomy":"product_cat","embeddable":true,"href":"https:\/\/naficon.ngmprojektit.fi\/en\/wp-json\/wp\/v2\/product_cat?post=8130"},{"taxonomy":"product_tag","embeddable":true,"href":"https:\/\/naficon.ngmprojektit.fi\/en\/wp-json\/wp\/v2\/product_tag?post=8130"}],"curies":[{"name":"wp","href":"https:\/\/api.w.org\/{rel}","templated":true}]}}