{"id":8264,"date":"2025-09-26T11:26:11","date_gmt":"2025-09-26T11:26:11","guid":{"rendered":"https:\/\/naficon.ngmprojektit.fi\/tuote\/jaotinmoduuli-116-lca-2mm-2\/"},"modified":"2025-09-26T11:26:13","modified_gmt":"2025-09-26T11:26:13","slug":"jaotinmoduuli-116-lca-2mm-2","status":"publish","type":"product","link":"https:\/\/naficon.ngmprojektit.fi\/en\/product\/jaotinmoduuli-116-lca-2mm-2\/","title":{"rendered":"Jaotinmoduuli 1:16 LCA 2mm"},"content":{"rendered":"<p>Jaotinmoduuli 1:16 LCA 2mm. Jatkoslevylle asennettu jakaja, jossa jakosuhde 1:16. Kuitujen p\u00e4iss\u00e4 LC-APC liittimet. Kaapelin halkaisija on 2mm. Kaapelin pituus 1,5m. Mahdollisuus asentaa my\u00f6s toinen jakaja jatkoslevylle.<\/p>","protected":false},"excerpt":{"rendered":"<p>Jaotinmoduuli 1:16 LCA 2mm. Jatkoslevylle asennettu jakaja, jossa jakosuhde 1:16. Kuitujen p\u00e4iss\u00e4 LC-APC liittimet. Kaapelin halkaisija on 2mm. Kaapelin pituus [&hellip;]<\/p>","protected":false},"featured_media":8265,"comment_status":"closed","ping_status":"open","template":"","meta":{"site-sidebar-layout":"default","site-content-layout":"","ast-site-content-layout":"default","site-content-style":"default","site-sidebar-style":"default","ast-global-header-display":"","ast-banner-title-visibility":"","ast-main-header-display":"","ast-hfb-above-header-display":"","ast-hfb-below-header-display":"","ast-hfb-mobile-header-display":"","site-post-title":"","ast-breadcrumbs-content":"","ast-featured-img":"","footer-sml-layout":"","theme-transparent-header-meta":"","adv-header-id-meta":"","stick-header-meta":"","header-above-stick-meta":"","header-main-stick-meta":"","header-below-stick-meta":"","astra-migrate-meta-layouts":"default","ast-page-background-enabled":"default","ast-page-background-meta":{"desktop":{"background-color":"var(--ast-global-color-5)","background-image":"","background-repeat":"repeat","background-position":"center center","background-size":"auto","background-attachment":"scroll","background-type":"","background-media":"","overlay-type":"","overlay-color":"","overlay-opacity":"","overlay-gradient":""},"tablet":{"background-color":"","background-image":"","background-repeat":"repeat","background-position":"center center","background-size":"auto","background-attachment":"scroll","background-type":"","background-media":"","overlay-type":"","overlay-color":"","overlay-opacity":"","overlay-gradient":""},"mobile":{"background-color":"","background-image":"","background-repeat":"repeat","background-position":"center center","background-size":"auto","background-attachment":"scroll","background-type":"","background-media":"","overlay-type":"","overlay-color":"","overlay-opacity":"","overlay-gradient":""}},"ast-content-background-meta":{"desktop":{"background-color":"var(--ast-global-color-4)","background-image":"","background-repeat":"repeat","background-position":"center center","background-size":"auto","background-attachment":"scroll","background-type":"","background-media":"","overlay-type":"","overlay-color":"","overlay-opacity":"","overlay-gradient":""},"tablet":{"background-color":"var(--ast-global-color-4)","background-image":"","background-repeat":"repeat","background-position":"center center","background-size":"auto","background-attachment":"scroll","background-type":"","background-media":"","overlay-type":"","overlay-color":"","overlay-opacity":"","overlay-gradient":""},"mobile":{"background-color":"var(--ast-global-color-4)","background-image":"","background-repeat":"repeat","background-position":"center center","background-size":"auto","background-attachment":"scroll","background-type":"","background-media":"","overlay-type":"","overlay-color":"","overlay-opacity":"","overlay-gradient":""}}},"product_brand":[],"product_cat":[436,435],"product_tag":[],"class_list":{"0":"post-8264","1":"product","2":"type-product","3":"status-publish","4":"has-post-thumbnail","6":"product_cat-esiasennetut","7":"product_cat-haaroittimet","8":"pa_asennustapa-jatkoslevyteline","9":"pa_heijastusvaimennus-minimi-db-310","10":"pa_jaotintyyppi-1x16","11":"pa_kayttolampotila-alue-celsius-40-85","12":"pa_kuitupituus-lahtopuoli-mm-325","13":"pa_kuitupituus-tulopuoli-mm-324","14":"pa_lahtoliittimen-tyyppi-lc-apc","15":"pa_max-uniformity-loss-db-301","16":"pa_suuntavaikutus-minimi-db-278","17":"pa_toiminta-aallonpituus-nm-1260-1650","18":"pa_tuloliittimen-tyyppi-lc-apc","19":"desktop-align-left","20":"tablet-align-left","21":"mobile-align-left","23":"first","24":"instock","25":"purchasable","26":"product-type-simple"},"_links":{"self":[{"href":"https:\/\/naficon.ngmprojektit.fi\/en\/wp-json\/wp\/v2\/product\/8264","targetHints":{"allow":["GET"]}}],"collection":[{"href":"https:\/\/naficon.ngmprojektit.fi\/en\/wp-json\/wp\/v2\/product"}],"about":[{"href":"https:\/\/naficon.ngmprojektit.fi\/en\/wp-json\/wp\/v2\/types\/product"}],"replies":[{"embeddable":true,"href":"https:\/\/naficon.ngmprojektit.fi\/en\/wp-json\/wp\/v2\/comments?post=8264"}],"wp:featuredmedia":[{"embeddable":true,"href":"https:\/\/naficon.ngmprojektit.fi\/en\/wp-json\/wp\/v2\/media\/8265"}],"wp:attachment":[{"href":"https:\/\/naficon.ngmprojektit.fi\/en\/wp-json\/wp\/v2\/media?parent=8264"}],"wp:term":[{"taxonomy":"product_brand","embeddable":true,"href":"https:\/\/naficon.ngmprojektit.fi\/en\/wp-json\/wp\/v2\/product_brand?post=8264"},{"taxonomy":"product_cat","embeddable":true,"href":"https:\/\/naficon.ngmprojektit.fi\/en\/wp-json\/wp\/v2\/product_cat?post=8264"},{"taxonomy":"product_tag","embeddable":true,"href":"https:\/\/naficon.ngmprojektit.fi\/en\/wp-json\/wp\/v2\/product_tag?post=8264"}],"curies":[{"name":"wp","href":"https:\/\/api.w.org\/{rel}","templated":true}]}}